{"id":57,"date":"2023-12-15T12:19:26","date_gmt":"2023-12-15T12:19:26","guid":{"rendered":"https:\/\/dpsg-singen.de\/?page_id=57"},"modified":"2023-12-18T07:52:59","modified_gmt":"2023-12-18T06:52:59","slug":"pfadfinder-heute-noch-zeitgemaess","status":"publish","type":"page","link":"https:\/\/dpsg-singen.de\/?page_id=57","title":{"rendered":"Pfadfinder heute noch zeitgem\u00e4\u00df?"},"content":{"rendered":"\n\n\n<p> <p>Pfadfinder:in sein hei\u00dft nicht, Kekse zu verkaufen und allein im Wald zu \u00fcberleben. Es bedeutet, Initiative zu ergreifen, sich sozial zu engagieren und dem durchgetakteten Alltag zu entfliehen. Ziel ist es, dass jeder seine individuelle Pers\u00f6nlichkeit entwi- ckeln kann und dabei seine eigenen Erfahrungen sammelt.<\/p><p><strong>Klingt super, aber was kostet das Ganze?<\/strong><\/p><p>Der Jahresbeitrag bildet sich aus dem DPSG-Beitrag und dem Stammesbeitrag. Dieser flie\u00dft zum Gro\u00dfteil direkt an den Bundesverband und deckt u. A. den Versicherungsschutz f\u00fcr jedes Mitglied. Der Stam- mesbeitrag wird zur Finanzierung der w\u00f6chentlichen Truppstunden f\u00fcr bspw. Materialien verwendet.<\/p><p>Regul\u00e4r: 49,50 \u20ac pro Jahr<\/p><p>Familien-Erm\u00e4\u00dfigt: 34,60 \u20ac pro Jahr<\/p><p>Aber am Ende des Tages gilt: Abenteuer erleben soll nicht an Geld gebunden sein!<\/p><\/p>\n\n\n<div class=\"wp-block-image\">\n<figure class=\"aligncenter size-large is-resized\"><img fetchpriority=\"high\" decoding=\"async\" width=\"1024\" height=\"683\" src=\"https:\/\/dpsg-singen.de\/wp-content\/uploads\/2023\/12\/lagerfeuer_sebastian_sehr-1024x683.jpg\" alt=\"\" class=\"wp-image-27\" style=\"width:571px;height:auto\" srcset=\"https:\/\/dpsg-singen.de\/wp-content\/uploads\/2023\/12\/lagerfeuer_sebastian_sehr-1024x683.jpg 1024w, https:\/\/dpsg-singen.de\/wp-content\/uploads\/2023\/12\/lagerfeuer_sebastian_sehr-300x200.jpg 300w, https:\/\/dpsg-singen.de\/wp-content\/uploads\/2023\/12\/lagerfeuer_sebastian_sehr-768x513.jpg 768w, https:\/\/dpsg-singen.de\/wp-content\/uploads\/2023\/12\/lagerfeuer_sebastian_sehr-1536x1025.jpg 1536w, https:\/\/dpsg-singen.de\/wp-content\/uploads\/2023\/12\/lagerfeuer_sebastian_sehr-2048x1367.jpg 2048w, https:\/\/dpsg-singen.de\/wp-content\/uploads\/2023\/12\/lagerfeuer_sebastian_sehr-1618x1080.jpg 1618w\" sizes=\"(max-width: 1024px) 100vw, 1024px\" \/><\/figure>\n<\/div>","protected":false},"excerpt":{"rendered":"<p>Pfadfinder:in sein hei\u00dft nicht, Kekse zu verkaufen und allein im Wald zu \u00fcberleben. Es bedeutet, Initiative zu ergreifen, sich sozial zu engagieren und dem durchgetakteten Alltag zu entfliehen. Ziel ist es, dass jeder seine individuelle Pers\u00f6nlichkeit entwi- ckeln kann und dabei seine eigenen Erfahrungen sammelt. Klingt super, aber was kostet das Ganze? Der Jahresbeitrag bildet&hellip;&nbsp;<a href=\"https:\/\/dpsg-singen.de\/?page_id=57\" class=\"\" rel=\"bookmark\">Weiterlesen &raquo;<span class=\"screen-reader-text\">Pfadfinder heute noch zeitgem\u00e4\u00df?<\/span><\/a><\/p>\n","protected":false},"author":1,"featured_media":29,"parent":0,"menu_order":0,"comment_status":"closed","ping_status":"closed","template":"","meta":{"_acf_changed":false,"neve_meta_sidebar":"","neve_meta_container":"","neve_meta_enable_content_width":"","neve_meta_content_width":0,"neve_meta_title_alignment":"","neve_meta_author_avatar":"","neve_post_elements_order":"","neve_meta_disable_header":"","neve_meta_disable_footer":"","neve_meta_disable_title":"","_ti_tpc_template_sync":false,"_ti_tpc_template_id":"","footnotes":""},"class_list":["post-57","page","type-page","status-publish","has-post-thumbnail","hentry"],"acf":[],"_links":{"self":[{"href":"https:\/\/dpsg-singen.de\/index.php?rest_route=\/wp\/v2\/pages\/57","targetHints":{"allow":["GET"]}}],"collection":[{"href":"https:\/\/dpsg-singen.de\/index.php?rest_route=\/wp\/v2\/pages"}],"about":[{"href":"https:\/\/dpsg-singen.de\/index.php?rest_route=\/wp\/v2\/types\/page"}],"author":[{"embeddable":true,"href":"https:\/\/dpsg-singen.de\/index.php?rest_route=\/wp\/v2\/users\/1"}],"replies":[{"embeddable":true,"href":"https:\/\/dpsg-singen.de\/index.php?rest_route=%2Fwp%2Fv2%2Fcomments&post=57"}],"version-history":[{"count":5,"href":"https:\/\/dpsg-singen.de\/index.php?rest_route=\/wp\/v2\/pages\/57\/revisions"}],"predecessor-version":[{"id":88,"href":"https:\/\/dpsg-singen.de\/index.php?rest_route=\/wp\/v2\/pages\/57\/revisions\/88"}],"wp:featuredmedia":[{"embeddable":true,"href":"https:\/\/dpsg-singen.de\/index.php?rest_route=\/wp\/v2\/media\/29"}],"wp:attachment":[{"href":"https:\/\/dpsg-singen.de\/index.php?rest_route=%2Fwp%2Fv2%2Fmedia&parent=57"}],"curies":[{"name":"wp","href":"https:\/\/api.w.org\/{rel}","templated":true}]}}