{"id":357,"date":"2024-01-01T22:45:16","date_gmt":"2024-01-01T21:45:16","guid":{"rendered":"https:\/\/dpsg-singen.de\/?page_id=357"},"modified":"2024-03-21T09:25:39","modified_gmt":"2024-03-21T08:25:39","slug":"wir-pfadfinder","status":"publish","type":"page","link":"https:\/\/dpsg-singen.de\/?page_id=357","title":{"rendered":"Wir Pfadfinder.."},"content":{"rendered":"\t\t<div data-elementor-type=\"wp-page\" data-elementor-id=\"357\" class=\"elementor elementor-357\">\n\t\t\t\t<div class=\"elementor-element elementor-element-7222266 e-flex e-con-boxed e-con e-parent\" data-id=\"7222266\" data-element_type=\"container\" data-core-v316-plus=\"true\">\n\t\t\t\t\t<div class=\"e-con-inner\">\n\t\t\t\t<div class=\"elementor-element elementor-element-1783638 elementor-widget elementor-widget-spacer\" data-id=\"1783638\" data-element_type=\"widget\" data-widget_type=\"spacer.default\">\n\t\t\t\t<div class=\"elementor-widget-container\">\n\t\t\t<style>\/*! elementor - v3.20.0 - 20-03-2024 *\/\n.elementor-column .elementor-spacer-inner{height:var(--spacer-size)}.e-con{--container-widget-width:100%}.e-con-inner>.elementor-widget-spacer,.e-con>.elementor-widget-spacer{width:var(--container-widget-width,var(--spacer-size));--align-self:var(--container-widget-align-self,initial);--flex-shrink:0}.e-con-inner>.elementor-widget-spacer>.elementor-widget-container,.e-con>.elementor-widget-spacer>.elementor-widget-container{height:100%;width:100%}.e-con-inner>.elementor-widget-spacer>.elementor-widget-container>.elementor-spacer,.e-con>.elementor-widget-spacer>.elementor-widget-container>.elementor-spacer{height:100%}.e-con-inner>.elementor-widget-spacer>.elementor-widget-container>.elementor-spacer>.elementor-spacer-inner,.e-con>.elementor-widget-spacer>.elementor-widget-container>.elementor-spacer>.elementor-spacer-inner{height:var(--container-widget-height,var(--spacer-size))}.e-con-inner>.elementor-widget-spacer.elementor-widget-empty,.e-con>.elementor-widget-spacer.elementor-widget-empty{position:relative;min-height:22px;min-width:22px}.e-con-inner>.elementor-widget-spacer.elementor-widget-empty .elementor-widget-empty-icon,.e-con>.elementor-widget-spacer.elementor-widget-empty .elementor-widget-empty-icon{position:absolute;top:0;bottom:0;left:0;right:0;margin:auto;padding:0;width:22px;height:22px}<\/style>\t\t<div class=\"elementor-spacer\">\n\t\t\t<div class=\"elementor-spacer-inner\"><\/div>\n\t\t<\/div>\n\t\t\t\t<\/div>\n\t\t\t\t<\/div>\n\t\t\t\t<div class=\"elementor-element elementor-element-fd00dd5 elementor-widget elementor-widget-heading\" data-id=\"fd00dd5\" data-element_type=\"widget\" data-widget_type=\"heading.default\">\n\t\t\t\t<div class=\"elementor-widget-container\">\n\t\t\t<style>\/*! elementor - v3.20.0 - 20-03-2024 *\/\n.elementor-heading-title{padding:0;margin:0;line-height:1}.elementor-widget-heading .elementor-heading-title[class*=elementor-size-]>a{color:inherit;font-size:inherit;line-height:inherit}.elementor-widget-heading .elementor-heading-title.elementor-size-small{font-size:15px}.elementor-widget-heading .elementor-heading-title.elementor-size-medium{font-size:19px}.elementor-widget-heading .elementor-heading-title.elementor-size-large{font-size:29px}.elementor-widget-heading .elementor-heading-title.elementor-size-xl{font-size:39px}.elementor-widget-heading .elementor-heading-title.elementor-size-xxl{font-size:59px}<\/style><h2 class=\"elementor-heading-title elementor-size-default\">Wir\nPfadfinder...<\/h2>\t\t<\/div>\n\t\t\t\t<\/div>\n\t\t\t\t<div class=\"elementor-element elementor-element-5e2d6df elementor-widget elementor-widget-text-editor\" data-id=\"5e2d6df\" data-element_type=\"widget\" data-widget_type=\"text-editor.default\">\n\t\t\t\t<div class=\"elementor-widget-container\">\n\t\t\t<style>\/*! elementor - v3.20.0 - 20-03-2024 *\/\n.elementor-widget-text-editor.elementor-drop-cap-view-stacked .elementor-drop-cap{background-color:#69727d;color:#fff}.elementor-widget-text-editor.elementor-drop-cap-view-framed .elementor-drop-cap{color:#69727d;border:3px solid;background-color:transparent}.elementor-widget-text-editor:not(.elementor-drop-cap-view-default) .elementor-drop-cap{margin-top:8px}.elementor-widget-text-editor:not(.elementor-drop-cap-view-default) .elementor-drop-cap-letter{width:1em;height:1em}.elementor-widget-text-editor .elementor-drop-cap{float:left;text-align:center;line-height:1;font-size:50px}.elementor-widget-text-editor .elementor-drop-cap-letter{display:inline-block}<\/style>\t\t\t\t<p><strong>\u2026 sind weltoffen\u2026<\/strong><br \/>Bei uns sind alle willkommen, unabh\u00e4ngig von Geschlecht, Ethnie und Religion Mit \u00fcber 54 Millionen Mitgliedern auf der ganzen Welt sind die Pfadfinder die gr\u00f6\u00dfte Jugendbewegung welt weit Ziel ist es, St\u00e4rken zu f\u00f6rdern, neue zu entdecken und voneinander zu lernen Nicht nur Teamf\u00e4higkeit und Zusammenarbeit in der Gruppe werden gef\u00f6rdert, sondern auch soziales Engage ment \u00fcber den Stamm hinaus<\/p><p><strong>\u2026 geh\u00f6ren zur DPSG\u2026<\/strong><br \/>Die Deutsche Pfadfinderschaft Sankt Georg ist mit \u00fcber 95.000 Mitgliedern der gr\u00f6\u00dfte Pfadfinderverband in Deutschland.<\/p><p><strong>&#8230;und schaffen gemeinsame Erlebnisse<\/strong><br \/>Unser Stamm nimmt j\u00e4hrlich an verschiedenen Veranstaltungen vor Ort teil Im Advent nehmen wir jedes Jahr das Friedenslicht aus Bethlehem in Empfang<br \/>und verteilen es als Zeichen des Friedens und der Gemeinschaft in den Singener Kirchen gemeinden Zuletzt nahmen wir an der 72 h Aktion des BDKJ teil und<br \/>organisierten eigene soziale und \u00f6kologische Aktionen in der Region Das gro\u00dfe Highlight des Jahres f\u00fcr die Kinder ist das Zeltlager im Sommer Durch dieses gro\u00dfe Abenteuer wird automatisch das \u201cWir Gef\u00fchl\u201d gest\u00e4rkt Zus\u00e4tzlich veranstalten wir im Herbst noch ein Wochenendlager mit dem ganzen Stamm Hier steht<br \/>besonders der Austausch verschiedener Altersstufen im Vordergrund.<\/p><p><strong>\u2026 im Stamm Singen<\/strong><br \/>Der Stamm Singen besteht aktuell aus \u00fcber 65 Mitgliedern und wurde 1954 gegr\u00fcndet Wir geh\u00f6ren zur Seelsorgeeinheit Singen und bringen uns dort bei<br \/>verschiedenen Aktionen ein, agieren jedoch selbstst\u00e4ndig als Stamm und sind \u00f6kumenisch aufgebaut.<\/p>\t\t\t\t\t\t<\/div>\n\t\t\t\t<\/div>\n\t\t\t\t\t<\/div>\n\t\t\t\t<\/div>\n\t\t<div class=\"elementor-element elementor-element-b71ae74 e-flex e-con-boxed e-con e-parent\" data-id=\"b71ae74\" data-element_type=\"container\" data-core-v316-plus=\"true\">\n\t\t\t\t\t<div class=\"e-con-inner\">\n\t\t\t\t<div class=\"elementor-element elementor-element-3f75982 elementor-widget elementor-widget-button\" data-id=\"3f75982\" data-element_type=\"widget\" data-widget_type=\"button.default\">\n\t\t\t\t<div class=\"elementor-widget-container\">\n\t\t\t\t\t<div class=\"elementor-button-wrapper\">\n\t\t\t<a class=\"elementor-button elementor-button-link elementor-size-sm\" href=\"https:\/\/dpsg-singen.de\">\n\t\t\t\t\t\t<span class=\"elementor-button-content-wrapper\">\n\t\t\t\t\t\t<span class=\"elementor-button-text\">Zur\u00fcck<\/span>\n\t\t<\/span>\n\t\t\t\t\t<\/a>\n\t\t<\/div>\n\t\t\t\t<\/div>\n\t\t\t\t<\/div>\n\t\t\t\t\t<\/div>\n\t\t\t\t<\/div>\n\t\t\t\t<\/div>\n\t\t","protected":false},"excerpt":{"rendered":"<p>Wir Pfadfinder&#8230; \u2026 sind weltoffen\u2026Bei uns sind alle willkommen, unabh\u00e4ngig von Geschlecht, Ethnie und Religion Mit \u00fcber 54 Millionen Mitgliedern auf der ganzen Welt sind die Pfadfinder die gr\u00f6\u00dfte Jugendbewegung welt weit Ziel ist es, St\u00e4rken zu f\u00f6rdern, neue zu entdecken und voneinander zu lernen Nicht nur Teamf\u00e4higkeit und Zusammenarbeit in der Gruppe werden gef\u00f6rdert,&hellip;&nbsp;<a href=\"https:\/\/dpsg-singen.de\/?page_id=357\" class=\"\" rel=\"bookmark\">Weiterlesen &raquo;<span class=\"screen-reader-text\">Wir Pfadfinder..<\/span><\/a><\/p>\n","protected":false},"author":1,"featured_media":0,"parent":0,"menu_order":0,"comment_status":"closed","ping_status":"closed","template":"page-templates\/template-pagebuilder-full-width.php","meta":{"_acf_changed":false,"neve_meta_sidebar":"","neve_meta_container":"","neve_meta_enable_content_width":"","neve_meta_content_width":0,"neve_meta_title_alignment":"","neve_meta_author_avatar":"","neve_post_elements_order":"","neve_meta_disable_header":"","neve_meta_disable_footer":"","neve_meta_disable_title":"","_ti_tpc_template_sync":false,"_ti_tpc_template_id":"","footnotes":""},"class_list":["post-357","page","type-page","status-publish","hentry"],"acf":[],"_links":{"self":[{"href":"https:\/\/dpsg-singen.de\/index.php?rest_route=\/wp\/v2\/pages\/357","targetHints":{"allow":["GET"]}}],"collection":[{"href":"https:\/\/dpsg-singen.de\/index.php?rest_route=\/wp\/v2\/pages"}],"about":[{"href":"https:\/\/dpsg-singen.de\/index.php?rest_route=\/wp\/v2\/types\/page"}],"author":[{"embeddable":true,"href":"https:\/\/dpsg-singen.de\/index.php?rest_route=\/wp\/v2\/users\/1"}],"replies":[{"embeddable":true,"href":"https:\/\/dpsg-singen.de\/index.php?rest_route=%2Fwp%2Fv2%2Fcomments&post=357"}],"version-history":[{"count":25,"href":"https:\/\/dpsg-singen.de\/index.php?rest_route=\/wp\/v2\/pages\/357\/revisions"}],"predecessor-version":[{"id":447,"href":"https:\/\/dpsg-singen.de\/index.php?rest_route=\/wp\/v2\/pages\/357\/revisions\/447"}],"wp:attachment":[{"href":"https:\/\/dpsg-singen.de\/index.php?rest_route=%2Fwp%2Fv2%2Fmedia&parent=357"}],"curies":[{"name":"wp","href":"https:\/\/api.w.org\/{rel}","templated":true}]}}